{"id":1651,"date":"2024-04-08T10:40:18","date_gmt":"2024-04-08T10:40:18","guid":{"rendered":"https:\/\/ergocraft.vamtam.com\/?page_id=1651"},"modified":"2024-04-08T10:40:18","modified_gmt":"2024-04-08T10:40:18","slug":"track-your-order","status":"publish","type":"page","link":"https:\/\/agmar.uslugidigital.pl\/?page_id=1651","title":{"rendered":"Track Your Order"},"content":{"rendered":"\t\t<div data-elementor-type=\"wp-page\" data-elementor-id=\"1651\" class=\"elementor elementor-1651\" data-elementor-post-type=\"page\">\n\t\t\t\t<div class=\"elementor-element elementor-element-2c2c14c e-flex e-con-boxed e-con e-parent\" data-id=\"2c2c14c\" data-element_type=\"container\" data-e-type=\"container\">\n\t\t\t\t\t<div class=\"e-con-inner\">\n\t\t\t\t<div class=\"elementor-element elementor-element-208adf1 elementor-widget-divider--view-line elementor-widget elementor-widget-divider\" data-id=\"208adf1\" data-element_type=\"widget\" data-e-type=\"widget\" data-widget_type=\"divider.default\">\n\t\t\t\t<div class=\"elementor-widget-container\">\n\t\t\t\t\t\t\t<div class=\"elementor-divider\">\n\t\t\t<span class=\"elementor-divider-separator\">\n\t\t\t\t\t\t<\/span>\n\t\t<\/div>\n\t\t\t\t\t\t<\/div>\n\t\t\t\t<\/div>\n\t\t\t\t<div class=\"elementor-element elementor-element-a7cbce7 elementor-widget elementor-widget-text-editor\" data-id=\"a7cbce7\" data-element_type=\"widget\" data-e-type=\"widget\" data-widget_type=\"text-editor.default\">\n\t\t\t\t<div class=\"elementor-widget-container\">\n\t\t\t\t\t\t\t\t\t<p>Want to track or cancel your order? Enter the order number and email address used for the order you wish to track or cancel. If it\u2019s still within the 30-minute remorse period, select \u2018Cancel Order\u2019 once directed to the Track Page.<\/p>\t\t\t\t\t\t\t\t<\/div>\n\t\t\t\t<\/div>\n\t\t\t\t<div class=\"vamtam-has-theme-widget-styles elementor-element elementor-element-40a45fa elementor-widget__width-initial elementor-widget-mobile__width-inherit elementor-widget elementor-widget-wc-elements\" data-id=\"40a45fa\" data-element_type=\"widget\" data-e-type=\"widget\" data-widget_type=\"wc-elements.default\">\n\t\t\t\t<div class=\"elementor-widget-container\">\n\t\t\t\t\t<div class=\"woocommerce\">\n<form action=\"https:\/\/agmar.uslugidigital.pl\/?page_id=1651\" method=\"post\" class=\"woocommerce-form woocommerce-form-track-order track_order\">\n\n\t\n\t<p>Aby \u015bledzi\u0107 swoje zam\u00f3wienie wpisz jego numer w polu poni\u017cej i naci\u015bnij przycisk &quot;\u015aled\u017a&quot;. Numer zam\u00f3wienia znajdziesz na paragonie oraz w mailu potwierdzaj\u0105cym zam\u00f3wienie, kt\u00f3ry do ciebie wys\u0142ali\u015bmy.<\/p>\n\n\t<p class=\"form-row form-row-first\"><label for=\"orderid\">Identyfikator zam\u00f3wienia<\/label> <input class=\"input-text\" type=\"text\" name=\"orderid\" id=\"orderid\" value=\"\" placeholder=\"Wys\u0142any w e-mailu potwierdzaj\u0105cym zam\u00f3wienie.\" \/><\/p>\t<p class=\"form-row form-row-last\"><label for=\"order_email\">E-mail rozliczeniowy<\/label> <input class=\"input-text\" type=\"text\" name=\"order_email\" id=\"order_email\" value=\"\" placeholder=\"E-mail u\u017cyty w zam\u00f3wieniu.\" \/><\/p>\t<div class=\"clear\"><\/div>\n\n\t\n\t<p class=\"form-row\"><button type=\"submit\" class=\"button\" name=\"track\" value=\"\u015aled\u017a\">\u015aled\u017a<\/button><\/p>\n\t<input type=\"hidden\" id=\"woocommerce-order-tracking-nonce\" name=\"woocommerce-order-tracking-nonce\" value=\"4d7e0ecb80\" \/><input type=\"hidden\" name=\"_wp_http_referer\" value=\"\/index.php?rest_route=%2Fwp%2Fv2%2Fpages%2F1651\" \/>\n\t\n<\/form>\n<\/div>\t\t\t\t<\/div>\n\t\t\t\t<\/div>\n\t\t\t\t\t<\/div>\n\t\t\t\t<\/div>\n\t\t\t\t<\/div>\n\t\t","protected":false},"excerpt":{"rendered":"<p>Want to track or cancel your order? Enter the order number and email address used for the order you wish to track or cancel. If it\u2019s still within the 30-minute remorse period, select \u2018Cancel Order\u2019 once directed to the Track Page.<\/p>\n","protected":false},"author":1,"featured_media":0,"parent":0,"menu_order":0,"comment_status":"closed","ping_status":"closed","template":"","meta":{"footnotes":""},"class_list":["post-1651","page","type-page","status-publish","hentry"],"_links":{"self":[{"href":"https:\/\/agmar.uslugidigital.pl\/index.php?rest_route=\/wp\/v2\/pages\/1651","targetHints":{"allow":["GET"]}}],"collection":[{"href":"https:\/\/agmar.uslugidigital.pl\/index.php?rest_route=\/wp\/v2\/pages"}],"about":[{"href":"https:\/\/agmar.uslugidigital.pl\/index.php?rest_route=\/wp\/v2\/types\/page"}],"author":[{"embeddable":true,"href":"https:\/\/agmar.uslugidigital.pl\/index.php?rest_route=\/wp\/v2\/users\/1"}],"replies":[{"embeddable":true,"href":"https:\/\/agmar.uslugidigital.pl\/index.php?rest_route=%2Fwp%2Fv2%2Fcomments&post=1651"}],"version-history":[{"count":0,"href":"https:\/\/agmar.uslugidigital.pl\/index.php?rest_route=\/wp\/v2\/pages\/1651\/revisions"}],"wp:attachment":[{"href":"https:\/\/agmar.uslugidigital.pl\/index.php?rest_route=%2Fwp%2Fv2%2Fmedia&parent=1651"}],"curies":[{"name":"wp","href":"https:\/\/api.w.org\/{rel}","templated":true}]}}