{"id":3,"date":"2024-02-29T21:22:30","date_gmt":"2024-02-29T21:22:30","guid":{"rendered":"https:\/\/ergocraft.vamtam.com\/?page_id=3"},"modified":"2026-03-20T10:14:41","modified_gmt":"2026-03-20T10:14:41","slug":"privacy-policy","status":"publish","type":"page","link":"https:\/\/agmar.uslugidigital.pl\/?page_id=3","title":{"rendered":"Privacy Policy"},"content":{"rendered":"\t\t<div data-elementor-type=\"wp-page\" data-elementor-id=\"3\" class=\"elementor elementor-3\" data-elementor-post-type=\"page\">\n\t\t\t\t<div class=\"elementor-element elementor-element-aff8402 e-flex e-con-boxed e-con e-parent\" data-id=\"aff8402\" data-element_type=\"container\" data-e-type=\"container\">\n\t\t\t\t\t<div class=\"e-con-inner\">\n\t\t\t\t<div class=\"elementor-element elementor-element-0a6c08d elementor-widget elementor-widget-heading\" data-id=\"0a6c08d\" data-element_type=\"widget\" data-e-type=\"widget\" data-widget_type=\"heading.default\">\n\t\t\t\t<div class=\"elementor-widget-container\">\n\t\t\t\t\t<h3 class=\"elementor-heading-title elementor-size-default\">POSTANOWIENIA OG\u00d3LNE<\/h3>\t\t\t\t<\/div>\n\t\t\t\t<\/div>\n\t\t\t\t<div class=\"elementor-element elementor-element-b931163 elementor-widget elementor-widget-text-editor\" data-id=\"b931163\" data-element_type=\"widget\" data-e-type=\"widget\" data-widget_type=\"text-editor.default\">\n\t\t\t\t<div class=\"elementor-widget-container\">\n\t\t\t\t\t\t\t\t\t<h5>1.1.\u00a0\u00a0\u00a0\u00a0\u00a0\u00a0\u00a0\u00a0\u00a0Niniejsza polityka prywatno\u015bci Sklepu Internetowego ma charakter informacyjny, co oznacza, \u017ce nie jest ona \u017ar\u00f3d\u0142em obowi\u0105zk\u00f3w dla Us\u0142ugobiorc\u00f3w lub Klient\u00f3w Sklepu Internetowego. Polityka prywatno\u015bci zawiera przede wszystkim zasady dotycz\u0105ce przetwarzania danych osobowych przez Administratora w Sklepie Internetowym, w tym podstawy, cele i okres przetwarzania danych osobowych oraz prawa os\u00f3b, kt\u00f3rych dane dotycz\u0105, a tak\u017ce informacje w zakresie stosowania w Sklepie Internetowym plik\u00f3w Cookies oraz narz\u0119dzi analitycznych.<\/h5><h5>\u00a0<\/h5><h5>\u00a0<\/h5><h5>1.2.\u00a0\u00a0\u00a0\u00a0\u00a0\u00a0\u00a0\u00a0\u00a0Administratorem danych osobowych zbieranych za po\u015brednictwem Sklepu Internetowego jest PRZEMYS\u0141AW SEKU\u0141A prowadz\u0105cy dzia\u0142alno\u015b\u0107 gospodarcz\u0105 pod firm\u0105 PRZEMYS\u0141AW SEKU\u0141A AGMAR wpisany do Centralnej Ewidencji i Informacji o Dzia\u0142alno\u015bci Gospodarczej Rzeczypospolitej Polskiej prowadzonej przez ministra w\u0142a\u015bciwego do spraw gospodarki, posiadaj\u0105cy: adres miejsca wykonywania dzia\u0142alno\u015bci i\u00a0adres do dor\u0119cze\u0144: Polany 113, 33-380 Krynica-Zdr\u00f3j, NIP 7343518527, REGON 122775442, adres poczty elektronicznej: biuro@agmar-tekstylia.pl, numer telefonu: 507221660 \u2013 zwany dalej \u201eAdministratorem\u201d i b\u0119d\u0105cy jednocze\u015bnie Us\u0142ugodawc\u0105 Sklepu Internetowego i Sprzedawc\u0105.<\/h5><h5>\u00a0<\/h5><h5>\u00a0<\/h5><h5>1.3.\u00a0\u00a0\u00a0\u00a0\u00a0\u00a0\u00a0\u00a0\u00a0Dane osobowe w Sklepie Internetowym przetwarzane s\u0105 przez Administratora zgodnie z obowi\u0105zuj\u0105cymi przepisami prawa, w szczeg\u00f3lno\u015bci zgodnie z rozporz\u0105dzeniem Parlamentu Europejskiego i Rady (UE) 2016\/679 z dnia 27 kwietnia 2016 r. w sprawie ochrony os\u00f3b fizycznych w zwi\u0105zku z przetwarzaniem danych osobowych i w sprawie swobodnego przep\u0142ywu takich danych oraz uchylenia dyrektywy 95\/46\/WE (og\u00f3lne rozporz\u0105dzenie o ochronie danych) \u2013 zwanym dalej \u201eRODO\u201d lub \u201eRozporz\u0105dzeniem RODO\u201d. Oficjalny tekst Rozporz\u0105dzenia RODO:\u00a0<a href=\"http:\/\/eur-lex.europa.eu\/legal-content\/PL\/TXT\/?uri=CELEX%3A32016R0679\">http:\/\/eur-lex.europa.eu\/legal-content\/PL\/TXT\/?uri=CELEX%3A32016R0679<\/a><\/h5><h5>\u00a0<\/h5><h5>1.4.\u00a0\u00a0\u00a0\u00a0\u00a0\u00a0\u00a0\u00a0\u00a0Korzystanie ze Sklepu Internetowego, w tym dokonywanie zakup\u00f3w jest dobrowolne. Podobnie zwi\u0105zane z tym podanie danych osobowych przez korzystaj\u0105cego ze Sklepu Internetowego Us\u0142ugobiorc\u0119 lub Klienta jest dobrowolne, z zastrze\u017ceniem dw\u00f3ch wyj\u0105tk\u00f3w: (1)\u00a0zawieranie um\u00f3w z Administratorem\u00a0\u2013 niepodanie w przypadkach i w zakresie wskazanym na stronie Sklepu Internetowego oraz w Regulaminie Sklepu Internetowego i niniejszej polityce prywatno\u015bci danych osobowych niezb\u0119dnych do zawarcia i wykonania Umowy Sprzeda\u017cy lub umowy o \u015bwiadczenie Us\u0142ugi Elektronicznej z Administratorem skutkuje brakiem mo\u017cliwo\u015bci zawarcia tej\u017ce umowy. Podanie danych osobowych jest w takim wypadku wymogiem umownym i je\u017celi osoba, kt\u00f3rej dane dotycz\u0105 chce zawrze\u0107 dan\u0105 umow\u0119 z Administratorem, to jest zobowi\u0105zana do podania wymaganych danych. Ka\u017cdorazowo zakres danych wymaganych do zawarcia umowy wskazany jest uprzednio na stronie Sklepu Internetowego oraz w Regulaminie Sklepu Internetowego; (2)\u00a0obowi\u0105zki ustawowe Administratora\u00a0\u2013 podanie danych osobowych jest wymogiem ustawowym wynikaj\u0105cym z powszechnie obowi\u0105zuj\u0105cych przepis\u00f3w prawa nak\u0142adaj\u0105cych na Administratora obowi\u0105zek przetwarzania danych osobowych (np. przetwarzanie danych w celu prowadzenia ksi\u0105g podatkowych lub rachunkowych) i brak ich podania uniemo\u017cliwi Administratorowi wykonanie tych\u017ce obowi\u0105zk\u00f3w.<\/h5><h5>\u00a0<\/h5><h5>1.5.\u00a0\u00a0\u00a0\u00a0\u00a0\u00a0\u00a0\u00a0\u00a0Administrator dok\u0142ada szczeg\u00f3lnej staranno\u015bci w celu ochrony interes\u00f3w os\u00f3b, kt\u00f3rych przetwarzane przez niego dane osobowe dotycz\u0105, a w szczeg\u00f3lno\u015bci jest odpowiedzialny i zapewnia, \u017ce zbierane przez niego dane s\u0105: (1) przetwarzane zgodnie z prawem; (2) zbierane dla oznaczonych, zgodnych z prawem cel\u00f3w i niepoddawane dalszemu przetwarzaniu niezgodnemu z tymi celami; (3) merytorycznie poprawne i adekwatne w stosunku do cel\u00f3w, w jakich s\u0105 przetwarzane; (4) przechowywane w postaci umo\u017cliwiaj\u0105cej identyfikacj\u0119 os\u00f3b, kt\u00f3rych dotycz\u0105, nie d\u0142u\u017cej ni\u017c jest to niezb\u0119dne do osi\u0105gni\u0119cia celu przetwarzania oraz (5) przetwarzane\u00a0\u00a0w\u00a0\u00a0spos\u00f3b\u00a0\u00a0zapewniaj\u0105cy\u00a0\u00a0odpowiednie\u00a0\u00a0bezpiecze\u0144stwo\u00a0\u00a0danych\u00a0\u00a0osobowych,\u00a0\u00a0w\u00a0\u00a0tym\u00a0\u00a0ochron\u0119\u00a0\u00a0przed niedozwolonym\u00a0\u00a0lub\u00a0\u00a0niezgodnym\u00a0\u00a0z\u00a0\u00a0prawem\u00a0\u00a0przetwarzaniem\u00a0\u00a0oraz\u00a0\u00a0przypadkow\u0105\u00a0\u00a0utrat\u0105,\u00a0\u00a0zniszczeniem\u00a0\u00a0lub uszkodzeniem, za pomoc\u0105 odpowiednich \u015brodk\u00f3w technicznych lub organizacyjnych.<\/h5><h5>\u00a0<\/h5><h5>1.6.\u00a0\u00a0\u00a0\u00a0\u00a0\u00a0\u00a0\u00a0\u00a0Uwzgl\u0119dniaj\u0105c charakter, zakres, kontekst i cele przetwarzania oraz ryzyko naruszenia praw lub wolno\u015bci os\u00f3b fizycznych o r\u00f3\u017cnym prawdopodobie\u0144stwie i wadze zagro\u017cenia, Administrator wdra\u017ca odpowiednie \u015brodki techniczne i organizacyjne, aby przetwarzanie odbywa\u0142o si\u0119 zgodnie z Rozporz\u0105dzeniem RODO i aby m\u00f3c to wykaza\u0107. \u015arodki te s\u0105 w razie potrzeby poddawane przegl\u0105dom i uaktualniane. Administrator stosuje \u015brodki techniczne zapobiegaj\u0105ce pozyskiwaniu i modyfikowaniu przez osoby nieuprawnione danych osobowych przesy\u0142anych drog\u0105 elektroniczn\u0105.<\/h5><h5>\u00a0<\/h5><h5>1.7.\u00a0\u00a0\u00a0\u00a0\u00a0\u00a0\u00a0\u00a0\u00a0Wszelkie s\u0142owa, wyra\u017cenia i akronimy wyst\u0119puj\u0105ce w niniejszej polityce prywatno\u015bci i rozpoczynaj\u0105ce si\u0119 du\u017c\u0105 liter\u0105 (np.\u00a0Sprzedawca,\u00a0Sklep Internetowy,\u00a0Us\u0142uga Elektroniczna) nale\u017cy rozumie\u0107 zgodnie z ich definicj\u0105 zawart\u0105 w Regulaminie Sklepu Internetowego dost\u0119pnym na stronach Sklepu Internetowego.<\/h5>\t\t\t\t\t\t\t\t<\/div>\n\t\t\t\t<\/div>\n\t\t\t\t<div class=\"elementor-element elementor-element-da237ad elementor-widget-divider--view-line elementor-widget elementor-widget-divider\" data-id=\"da237ad\" data-element_type=\"widget\" data-e-type=\"widget\" data-widget_type=\"divider.default\">\n\t\t\t\t<div class=\"elementor-widget-container\">\n\t\t\t\t\t\t\t<div class=\"elementor-divider\">\n\t\t\t<span class=\"elementor-divider-separator\">\n\t\t\t\t\t\t<\/span>\n\t\t<\/div>\n\t\t\t\t\t\t<\/div>\n\t\t\t\t<\/div>\n\t\t\t\t<div class=\"elementor-element elementor-element-3cb316b elementor-widget elementor-widget-heading\" data-id=\"3cb316b\" data-element_type=\"widget\" data-e-type=\"widget\" data-widget_type=\"heading.default\">\n\t\t\t\t<div class=\"elementor-widget-container\">\n\t\t\t\t\t<h3 class=\"elementor-heading-title elementor-size-default\">2.    PODSTAWY PRZETWARZANIA DANYCH<\/h3>\t\t\t\t<\/div>\n\t\t\t\t<\/div>\n\t\t\t\t<div class=\"elementor-element elementor-element-6798010 elementor-widget elementor-widget-text-editor\" data-id=\"6798010\" data-element_type=\"widget\" data-e-type=\"widget\" data-widget_type=\"text-editor.default\">\n\t\t\t\t<div class=\"elementor-widget-container\">\n\t\t\t\t\t\t\t\t\t<h5><b>2.1.\u00a0\u00a0\u00a0\u00a0\u00a0\u00a0\u00a0\u00a0\u00a0<\/b>Administrator uprawniony jest do przetwarzania danych osobowych w przypadkach, gdy \u2013 i w takim zakresie, w jakim \u2013 spe\u0142niony jest co najmniej jeden z poni\u017cszych warunk\u00f3w: (1) osoba, kt\u00f3rej dane dotycz\u0105 wyrazi\u0142a zgod\u0119 na przetwarzanie swoich danych osobowych w jednym lub wi\u0119kszej liczbie okre\u015blonych cel\u00f3w; (2) przetwarzanie jest niezb\u0119dne do wykonania umowy, kt\u00f3rej stron\u0105 jest osoba, kt\u00f3rej dane dotycz\u0105, lub do podj\u0119cia dzia\u0142a\u0144 na \u017c\u0105danie osoby, kt\u00f3rej dane dotycz\u0105, przed zawarciem umowy; (3) przetwarzanie jest niezb\u0119dne do wype\u0142nienia obowi\u0105zku prawnego ci\u0105\u017c\u0105cego na Administratorze; lub (4) przetwarzanie jest niezb\u0119dne do cel\u00f3w wynikaj\u0105cych z prawnie uzasadnionych interes\u00f3w realizowanych przez Administratora lub przez stron\u0119 trzeci\u0105, z wyj\u0105tkiem sytuacji, w kt\u00f3rych nadrz\u0119dny charakter wobec tych interes\u00f3w maj\u0105 interesy lub podstawowe prawa i wolno\u015bci osoby, kt\u00f3rej dane dotycz\u0105, wymagaj\u0105ce ochrony danych osobowych, w szczeg\u00f3lno\u015bci gdy osoba, kt\u00f3rej dane dotycz\u0105, jest dzieckiem.<\/h5><h5>\u00a0<\/h5><h5><b>2.2.\u00a0\u00a0\u00a0\u00a0\u00a0\u00a0\u00a0\u00a0\u00a0<\/b>Przetwarzanie danych osobowych przez Administratora wymaga ka\u017cdorazowo zaistnienia co najmniej jednej z podstaw wskazanych w pkt. 2.1 polityki prywatno\u015bci. Konkretne podstawy przetwarzania danych osobowych Us\u0142ugobiorc\u00f3w i Klient\u00f3w Sklepu Internetowego przez Administratora s\u0105 wskazane w kolejnym punkcie polityki prywatno\u015bci \u2013 w odniesieniu do danego celu przetwarzania danych osobowych przez Administratora.<\/h5>\t\t\t\t\t\t\t\t<\/div>\n\t\t\t\t<\/div>\n\t\t\t\t<div class=\"elementor-element elementor-element-9747239 elementor-widget-divider--view-line elementor-widget elementor-widget-divider\" data-id=\"9747239\" data-element_type=\"widget\" data-e-type=\"widget\" data-widget_type=\"divider.default\">\n\t\t\t\t<div class=\"elementor-widget-container\">\n\t\t\t\t\t\t\t<div class=\"elementor-divider\">\n\t\t\t<span class=\"elementor-divider-separator\">\n\t\t\t\t\t\t<\/span>\n\t\t<\/div>\n\t\t\t\t\t\t<\/div>\n\t\t\t\t<\/div>\n\t\t\t\t<div class=\"elementor-element elementor-element-77234d0 elementor-widget elementor-widget-heading\" data-id=\"77234d0\" data-element_type=\"widget\" data-e-type=\"widget\" data-widget_type=\"heading.default\">\n\t\t\t\t<div class=\"elementor-widget-container\">\n\t\t\t\t\t<h3 class=\"elementor-heading-title elementor-size-default\">3.    CEL, PODSTAWA I OKRES PRZETWARZANIA DANYCH W SKLEPIE INTERNETOWYM<\/h3>\t\t\t\t<\/div>\n\t\t\t\t<\/div>\n\t\t\t\t<div class=\"elementor-element elementor-element-4b44975 elementor-widget elementor-widget-text-editor\" data-id=\"4b44975\" data-element_type=\"widget\" data-e-type=\"widget\" data-widget_type=\"text-editor.default\">\n\t\t\t\t<div class=\"elementor-widget-container\">\n\t\t\t\t\t\t\t\t\t<h5><b>3.1.\u00a0\u00a0\u00a0\u00a0\u00a0\u00a0\u00a0\u00a0\u00a0<\/b>Ka\u017cdorazowo cel, podstawa i okres oraz odbiorcy danych osobowych przetwarzanych przez Administratora wynika z dzia\u0142a\u0144 podejmowanych przez danego Us\u0142ugobiorc\u0119 lub Klienta w Sklepie Internetowym lub przez Administratora. Przyk\u0142adowo je\u017celi Klient decyduje si\u0119 na dokonanie zakup\u00f3w w Sklepie Internetowym i wybierze odbi\u00f3r osobisty zakupionego Produktu zamiast przesy\u0142ki kurierskiej, to jego dane osobowe b\u0119d\u0105 przetwarzane w celu wykonania zawartej Umowy Sprzeda\u017cy, ale nie b\u0119d\u0105 ju\u017c udost\u0119pniane przewo\u017anikowi realizuj\u0105cemu przesy\u0142ki na zlecenie Administratora.\u00a0\u00a0<\/h5><h5>\u00a0<\/h5><h5><b>3.2.\u00a0\u00a0\u00a0\u00a0\u00a0\u00a0\u00a0\u00a0\u00a0<\/b>Administrator mo\u017ce przetwarza\u0107 dane osobowe w ramach Sklepu Internetowego w nast\u0119puj\u0105cych celach, na podstawach oraz w okresach wskazanych w poni\u017cszej tabeli:<\/h5>\t\t\t\t\t\t\t\t<\/div>\n\t\t\t\t<\/div>\n\t\t\t\t<div class=\"elementor-element elementor-element-7cf7568 elementor-widget-divider--view-line elementor-widget elementor-widget-divider\" data-id=\"7cf7568\" data-element_type=\"widget\" data-e-type=\"widget\" data-widget_type=\"divider.default\">\n\t\t\t\t<div class=\"elementor-widget-container\">\n\t\t\t\t\t\t\t<div class=\"elementor-divider\">\n\t\t\t<span class=\"elementor-divider-separator\">\n\t\t\t\t\t\t<\/span>\n\t\t<\/div>\n\t\t\t\t\t\t<\/div>\n\t\t\t\t<\/div>\n\t\t\t\t<div class=\"elementor-element elementor-element-eae22fb elementor-widget elementor-widget-heading\" data-id=\"eae22fb\" data-element_type=\"widget\" data-e-type=\"widget\" data-widget_type=\"heading.default\">\n\t\t\t\t<div class=\"elementor-widget-container\">\n\t\t\t\t\t<h3 class=\"elementor-heading-title elementor-size-default\">Making a complaint<\/h3>\t\t\t\t<\/div>\n\t\t\t\t<\/div>\n\t\t\t\t<div class=\"elementor-element elementor-element-b55a924 elementor-widget elementor-widget-text-editor\" data-id=\"b55a924\" data-element_type=\"widget\" data-e-type=\"widget\" data-widget_type=\"text-editor.default\">\n\t\t\t\t<div class=\"elementor-widget-container\">\n\t\t\t\t\t\t\t\t\t<p>If you are not satisfied with the response, please contact us at konstruktion@email.com with the details explaining your concerns. We will review your complaint and investigate if the right procedures have been followed and respond back to you as appropriate. We aim to complete this investigation within 15 working days of receiving your complaint, however, in some cases it may take longer. If you are still unsatisfied with the response, you may contact us.<\/p>\t\t\t\t\t\t\t\t<\/div>\n\t\t\t\t<\/div>\n\t\t\t\t\t<\/div>\n\t\t\t\t<\/div>\n\t\t<div class=\"elementor-element elementor-element-9d184ec e-flex e-con-boxed e-con e-parent\" data-id=\"9d184ec\" data-element_type=\"container\" data-e-type=\"container\">\n\t\t\t\t\t<div class=\"e-con-inner\">\n\t\t\t\t\t<\/div>\n\t\t\t\t<\/div>\n\t\t<div class=\"elementor-element elementor-element-afce6f4 e-flex e-con-boxed e-con e-parent\" data-id=\"afce6f4\" data-element_type=\"container\" data-e-type=\"container\">\n\t\t\t\t\t<div class=\"e-con-inner\">\n\t\t\t\t<div class=\"elementor-element elementor-element-9bfc1f6 elementor-toc--minimized-on-tablet elementor-widget elementor-widget-table-of-contents\" data-id=\"9bfc1f6\" data-element_type=\"widget\" data-e-type=\"widget\" data-settings=\"{&quot;exclude_headings_by_selector&quot;:[],&quot;no_headings_message&quot;:&quot;No headings were found on this page.&quot;,&quot;headings_by_tags&quot;:[&quot;h2&quot;,&quot;h3&quot;,&quot;h4&quot;,&quot;h5&quot;,&quot;h6&quot;],&quot;marker_view&quot;:&quot;numbers&quot;,&quot;minimize_box&quot;:&quot;yes&quot;,&quot;minimized_on&quot;:&quot;tablet&quot;,&quot;hierarchical_view&quot;:&quot;yes&quot;,&quot;min_height&quot;:{&quot;unit&quot;:&quot;px&quot;,&quot;size&quot;:&quot;&quot;,&quot;sizes&quot;:[]},&quot;min_height_tablet&quot;:{&quot;unit&quot;:&quot;px&quot;,&quot;size&quot;:&quot;&quot;,&quot;sizes&quot;:[]},&quot;min_height_mobile&quot;:{&quot;unit&quot;:&quot;px&quot;,&quot;size&quot;:&quot;&quot;,&quot;sizes&quot;:[]}}\" data-widget_type=\"table-of-contents.default\">\n\t\t\t\t<div class=\"elementor-widget-container\">\n\t\t\t\t\t\t\t\t\t<div class=\"elementor-toc__header\">\n\t\t\t\t\t\t<h4 class=\"elementor-toc__header-title\">\n\t\t\t\tPOLITYKA PRYWATNO\u015aCI  SKLEPU INTERNETOWEGO AGMAR-TEKSTYLIA.PL\t\t\t<\/h4>\n\t\t\t\t\t\t\t\t\t\t<div class=\"elementor-toc__toggle-button elementor-toc__toggle-button--expand\" role=\"button\" tabindex=\"0\" aria-controls=\"elementor-toc__9bfc1f6\" aria-expanded=\"true\" aria-label=\"Open table of contents\"><svg aria-hidden=\"true\" class=\"e-font-icon-svg e-fas-chevron-down\" viewBox=\"0 0 448 512\" xmlns=\"http:\/\/www.w3.org\/2000\/svg\"><path d=\"M207.029 381.476L12.686 187.132c-9.373-9.373-9.373-24.569 0-33.941l22.667-22.667c9.357-9.357 24.522-9.375 33.901-.04L224 284.505l154.745-154.021c9.379-9.335 24.544-9.317 33.901.04l22.667 22.667c9.373 9.373 9.373 24.569 0 33.941L240.971 381.476c-9.373 9.372-24.569 9.372-33.942 0z\"><\/path><\/svg><\/div>\n\t\t\t\t<div class=\"elementor-toc__toggle-button elementor-toc__toggle-button--collapse\" role=\"button\" tabindex=\"0\" aria-controls=\"elementor-toc__9bfc1f6\" aria-expanded=\"true\" aria-label=\"Close table of contents\"><svg aria-hidden=\"true\" class=\"e-font-icon-svg e-fas-chevron-up\" viewBox=\"0 0 448 512\" xmlns=\"http:\/\/www.w3.org\/2000\/svg\"><path d=\"M240.971 130.524l194.343 194.343c9.373 9.373 9.373 24.569 0 33.941l-22.667 22.667c-9.357 9.357-24.522 9.375-33.901.04L224 227.495 69.255 381.516c-9.379 9.335-24.544 9.317-33.901-.04l-22.667-22.667c-9.373-9.373-9.373-24.569 0-33.941L207.03 130.525c9.372-9.373 24.568-9.373 33.941-.001z\"><\/path><\/svg><\/div>\n\t\t\t\t\t<\/div>\n\t\t\t\t<div id=\"elementor-toc__9bfc1f6\" class=\"elementor-toc__body\">\n\t\t\t<div class=\"elementor-toc__spinner-container\">\n\t\t\t\t<svg class=\"elementor-toc__spinner eicon-animation-spin e-font-icon-svg e-eicon-loading\" aria-hidden=\"true\" viewBox=\"0 0 1000 1000\" xmlns=\"http:\/\/www.w3.org\/2000\/svg\"><path d=\"M500 975V858C696 858 858 696 858 500S696 142 500 142 142 304 142 500H25C25 237 238 25 500 25S975 237 975 500 763 975 500 975Z\"><\/path><\/svg>\t\t\t<\/div>\n\t\t<\/div>\n\t\t\t\t\t\t<\/div>\n\t\t\t\t<\/div>\n\t\t\t\t\t<\/div>\n\t\t\t\t<\/div>\n\t\t\t\t<\/div>\n\t\t","protected":false},"excerpt":{"rendered":"<p>POSTANOWIENIA OG\u00d3LNE 1.1.\u00a0\u00a0\u00a0\u00a0\u00a0\u00a0\u00a0\u00a0\u00a0Niniejsza polityka prywatno\u015bci Sklepu Internetowego ma charakter informacyjny, co oznacza, \u017ce nie jest ona \u017ar\u00f3d\u0142em obowi\u0105zk\u00f3w dla Us\u0142ugobiorc\u00f3w lub Klient\u00f3w Sklepu Internetowego. Polityka prywatno\u015bci zawiera przede wszystkim zasady dotycz\u0105ce przetwarzania danych osobowych przez Administratora w Sklepie Internetowym, w tym podstawy, cele i okres przetwarzania danych osobowych oraz prawa os\u00f3b, kt\u00f3rych dane dotycz\u0105, a&#8230;<\/p>\n","protected":false},"author":1,"featured_media":0,"parent":0,"menu_order":0,"comment_status":"closed","ping_status":"open","template":"","meta":{"footnotes":""},"class_list":["post-3","page","type-page","status-publish","hentry"],"_links":{"self":[{"href":"https:\/\/agmar.uslugidigital.pl\/index.php?rest_route=\/wp\/v2\/pages\/3","targetHints":{"allow":["GET"]}}],"collection":[{"href":"https:\/\/agmar.uslugidigital.pl\/index.php?rest_route=\/wp\/v2\/pages"}],"about":[{"href":"https:\/\/agmar.uslugidigital.pl\/index.php?rest_route=\/wp\/v2\/types\/page"}],"author":[{"embeddable":true,"href":"https:\/\/agmar.uslugidigital.pl\/index.php?rest_route=\/wp\/v2\/users\/1"}],"replies":[{"embeddable":true,"href":"https:\/\/agmar.uslugidigital.pl\/index.php?rest_route=%2Fwp%2Fv2%2Fcomments&post=3"}],"version-history":[{"count":4,"href":"https:\/\/agmar.uslugidigital.pl\/index.php?rest_route=\/wp\/v2\/pages\/3\/revisions"}],"predecessor-version":[{"id":987827,"href":"https:\/\/agmar.uslugidigital.pl\/index.php?rest_route=\/wp\/v2\/pages\/3\/revisions\/987827"}],"wp:attachment":[{"href":"https:\/\/agmar.uslugidigital.pl\/index.php?rest_route=%2Fwp%2Fv2%2Fmedia&parent=3"}],"curies":[{"name":"wp","href":"https:\/\/api.w.org\/{rel}","templated":true}]}}