{"id":987768,"date":"2026-03-18T19:18:08","date_gmt":"2026-03-18T19:18:08","guid":{"rendered":"https:\/\/agmar.uslugidigital.pl\/?post_type=product&#038;p=987768"},"modified":"2026-03-18T19:20:37","modified_gmt":"2026-03-18T19:20:37","slug":"posciel-bawelna-200x220-3cz-szary-bialy-kwiaty-1951","status":"publish","type":"product","link":"https:\/\/agmar.uslugidigital.pl\/?product=posciel-bawelna-200x220-3cz-szary-bialy-kwiaty-1951","title":{"rendered":"Po\u015bciel bawe\u0142na 200&#215;220- 3cz szary bia\u0142y kwiaty 1951"},"content":{"rendered":"","protected":false},"excerpt":{"rendered":"","protected":false},"featured_media":987794,"comment_status":"open","ping_status":"closed","template":"","meta":[],"product_brand":[],"product_cat":[158],"product_tag":[],"class_list":{"0":"post-987768","1":"product","2":"type-product","3":"status-publish","4":"has-post-thumbnail","6":"product_cat-posciele-bawelniane-200-220","8":"first","9":"instock","10":"shipping-taxable","11":"purchasable","12":"product-type-simple"},"_links":{"self":[{"href":"https:\/\/agmar.uslugidigital.pl\/index.php?rest_route=\/wp\/v2\/product\/987768","targetHints":{"allow":["GET"]}}],"collection":[{"href":"https:\/\/agmar.uslugidigital.pl\/index.php?rest_route=\/wp\/v2\/product"}],"about":[{"href":"https:\/\/agmar.uslugidigital.pl\/index.php?rest_route=\/wp\/v2\/types\/product"}],"replies":[{"embeddable":true,"href":"https:\/\/agmar.uslugidigital.pl\/index.php?rest_route=%2Fwp%2Fv2%2Fcomments&post=987768"}],"version-history":[{"count":1,"href":"https:\/\/agmar.uslugidigital.pl\/index.php?rest_route=\/wp\/v2\/product\/987768\/revisions"}],"predecessor-version":[{"id":987795,"href":"https:\/\/agmar.uslugidigital.pl\/index.php?rest_route=\/wp\/v2\/product\/987768\/revisions\/987795"}],"wp:featuredmedia":[{"embeddable":true,"href":"https:\/\/agmar.uslugidigital.pl\/index.php?rest_route=\/wp\/v2\/media\/987794"}],"wp:attachment":[{"href":"https:\/\/agmar.uslugidigital.pl\/index.php?rest_route=%2Fwp%2Fv2%2Fmedia&parent=987768"}],"wp:term":[{"taxonomy":"product_brand","embeddable":true,"href":"https:\/\/agmar.uslugidigital.pl\/index.php?rest_route=%2Fwp%2Fv2%2Fproduct_brand&post=987768"},{"taxonomy":"product_cat","embeddable":true,"href":"https:\/\/agmar.uslugidigital.pl\/index.php?rest_route=%2Fwp%2Fv2%2Fproduct_cat&post=987768"},{"taxonomy":"product_tag","embeddable":true,"href":"https:\/\/agmar.uslugidigital.pl\/index.php?rest_route=%2Fwp%2Fv2%2Fproduct_tag&post=987768"}],"curies":[{"name":"wp","href":"https:\/\/api.w.org\/{rel}","templated":true}]}}